{"id":320,"date":"2023-05-22T15:56:50","date_gmt":"2023-05-22T15:56:50","guid":{"rendered":"https:\/\/www.alenriscos.uevora.pt\/?page_id=320"},"modified":"2023-05-22T15:56:50","modified_gmt":"2023-05-22T15:56:50","slug":"procedimentos-metodologicos","status":"publish","type":"page","link":"https:\/\/www.alenriscos.uevora.pt\/index.php\/procedimentos-metodologicos\/","title":{"rendered":"Procedimentos metodol\u00f3gicos:"},"content":{"rendered":"\n<p>Estudo com abordagem quantitativa do tipo descritiva, longitudinal, realizado a todos os alunos do7\u00ba e 9\u00ba ano de escolaridade das escolas da regi\u00e3o Alentejo.<\/p>\n\n\n\n<p>A recolha de dados \u00e9 realizada atrav\u00e9s da aplica\u00e7\u00e3o de question\u00e1rio online.<\/p>\n\n\n\n<p>O question\u00e1rio ser\u00e1 aplicado anualmente no sentido de possibilitar a monitoriza\u00e7\u00e3o dos comportamentos de sa\u00fade dos adolescentes relativamente aos consumos nocivos. Esta estrat\u00e9gia permitir\u00e1 que cada grupo seja sujeito ao mesmo question\u00e1rio duas vezes ao longo do seu percurso escolar (no 7\u00ba e no 9\u00ba ano).<\/p>\n\n\n\n<p>Ser\u00e1 solicitada a colabora\u00e7\u00e3o de todos os atores relevantes das escolas envolvidas no projeto.<\/p>\n\n\n\n<p>Os dados ser\u00e3o tratados com recurso ao SPSS, utilizando-se estat\u00edstica descritiva e inferencial, sempre que se justifique.<\/p>\n\n\n\n<p class=\"has-text-align-center\"><strong>Instrumentos de avalia\u00e7\u00e3o:<\/strong><\/p>\n\n\n\n<p>Para a recolha de dados, \u00e9 utilizado um question\u00e1rio de auto-preenchimento on-line de Carvalho (2001). Entre outros aspetos, atrav\u00e9s da aplica\u00e7\u00e3o do question\u00e1rio pretende-se conhecer a preval\u00eancia do consumo de bebidas alco\u00f3licas, tabaco e drogas ilegais e identificar rela\u00e7\u00f5es entre alguns fatores e os referidos consumos.<\/p>\n\n\n\n<p>Question\u00e1rio&nbsp; validado quanto \u00e0 sua legibilidade e a compreensibilidade do conte\u00fado das quest\u00f5es atrav\u00e9s do pr\u00e9-teste aplicado a duas turmas, uma de 6\u00ba&nbsp; e outra de 10\u00ba ano.<\/p>\n\n\n\n<p class=\"has-text-align-center\"><strong>Recolha de dados:<\/strong><\/p>\n\n\n\n<p>O question\u00e1rio \u00e9 disponibilizado online a partir de uma plataforma de question\u00e1rios da Universidade de \u00c9vora.<\/p>\n\n\n\n<p class=\"has-text-align-center\"><strong>Confidencialidade nos registos:<\/strong><\/p>\n\n\n\n<p>O question\u00e1rio \u00e9 an\u00f3nimo, de participa\u00e7\u00e3o volunt\u00e1ria e com consentimento livre e esclarecido dos pais\/encarregados de educa\u00e7\u00e3o dos participantes. Os dados obtidos ser\u00e3o sujeitos a rigoroso sigilo e anonimato e ser\u00e3o apenas utilizados no estudo em causa.<\/p>\n","protected":false},"excerpt":{"rendered":"<p>Estudo com abordagem quantitativa do tipo descritiva, longitudinal, realizado a todos os alunos do7\u00ba e 9\u00ba ano de escolaridade das escolas da regi\u00e3o Alentejo. A recolha de dados \u00e9 realizada atrav\u00e9s da aplica\u00e7\u00e3o de question\u00e1rio online. O question\u00e1rio ser\u00e1 aplicado anualmente no sentido de possibilitar a monitoriza\u00e7\u00e3o dos comportamentos de sa\u00fade dos adolescentes relativamente aos [&hellip;]<\/p>\n","protected":false},"author":5,"featured_media":0,"parent":0,"menu_order":0,"comment_status":"closed","ping_status":"closed","template":"","meta":{"footnotes":""},"class_list":["post-320","page","type-page","status-publish","hentry"],"_links":{"self":[{"href":"https:\/\/www.alenriscos.uevora.pt\/index.php\/wp-json\/wp\/v2\/pages\/320","targetHints":{"allow":["GET"]}}],"collection":[{"href":"https:\/\/www.alenriscos.uevora.pt\/index.php\/wp-json\/wp\/v2\/pages"}],"about":[{"href":"https:\/\/www.alenriscos.uevora.pt\/index.php\/wp-json\/wp\/v2\/types\/page"}],"author":[{"embeddable":true,"href":"https:\/\/www.alenriscos.uevora.pt\/index.php\/wp-json\/wp\/v2\/users\/5"}],"replies":[{"embeddable":true,"href":"https:\/\/www.alenriscos.uevora.pt\/index.php\/wp-json\/wp\/v2\/comments?post=320"}],"version-history":[{"count":1,"href":"https:\/\/www.alenriscos.uevora.pt\/index.php\/wp-json\/wp\/v2\/pages\/320\/revisions"}],"predecessor-version":[{"id":392,"href":"https:\/\/www.alenriscos.uevora.pt\/index.php\/wp-json\/wp\/v2\/pages\/320\/revisions\/392"}],"wp:attachment":[{"href":"https:\/\/www.alenriscos.uevora.pt\/index.php\/wp-json\/wp\/v2\/media?parent=320"}],"curies":[{"name":"wp","href":"https:\/\/api.w.org\/{rel}","templated":true}]}}