{"id":302,"date":"2023-05-22T14:04:09","date_gmt":"2023-05-22T14:04:09","guid":{"rendered":"https:\/\/www.alenriscos.uevora.pt\/?page_id=302"},"modified":"2023-05-22T14:08:54","modified_gmt":"2023-05-22T14:08:54","slug":"fundamentacao-e-pertinencia-do-estudo","status":"publish","type":"page","link":"https:\/\/www.alenriscos.uevora.pt\/index.php\/fundamentacao-e-pertinencia-do-estudo\/","title":{"rendered":"Fundamenta\u00e7\u00e3o do Estudo"},"content":{"rendered":"\n<p>O consumo de subst\u00e2ncias psicoativas e os comportamentos aditivos no contexto escolar, constituem hoje um s\u00e9rio problema de sa\u00fade p\u00fablica. A comunidade educativa \u00e9 confrontada com enormes desafios no sentido do desenvolvimento de uma resposta \u00fanica, integrada e pragm\u00e1tica para um fen\u00f3meno em constante evolu\u00e7\u00e3o.<\/p>\n\n\n\n<p>No que respeita \u00e0 preven\u00e7\u00e3o do consumo de subst\u00e2ncias psicoativas, a OMS destaca v\u00e1rios aspetos, dos quais se destacam: a necessidade das interven\u00e7\u00f5es preventivas serem implementadas antes do in\u00edcio do consumo das subst\u00e2ncias; a escola como contexto de elei\u00e7\u00e3o para a preven\u00e7\u00e3o, pois permite aceder de uma forma organizada a um grande n\u00famero de crian\u00e7as e adolescentes; a import\u00e2ncia de integrar os diversos atores envolvidos no processo de desenvolvimento das crian\u00e7as e adolescentes e ainda a sustentabilidade das interven\u00e7\u00f5es, sendo necess\u00e1ria n\u00e3o s\u00f3 a sua manuten\u00e7\u00e3o como a sua adequa\u00e7\u00e3o ao est\u00e1dio de desenvolvimento da popula\u00e7\u00e3o alvo (WHO, 2002).<\/p>\n\n\n\n<p>As escolas s\u00e3o essenciais na cria\u00e7\u00e3o de din\u00e2micas preventivas no que toca ao uso e abuso das subst\u00e2ncias psicoativas. \u00c9 nas salas de aula e nos v\u00e1rios contextos escolares que as crian\u00e7as crescem e os jovens amadurecem. Um conhecimento profundo destas realidades dever\u00e1 constituir uma prioridade.<\/p>\n\n\n\n<p>Neste sentido, o consumo de novas subst\u00e2ncias psicoativas (l\u00edcitas e il\u00edcitas), novos padr\u00f5es de consumo e novas depend\u00eancias, t\u00eam importantes implica\u00e7\u00f5es em termos de sa\u00fade p\u00fablica, ocupando hoje, no quadro das prioridades de interven\u00e7\u00e3o na \u00e1rea da promo\u00e7\u00e3o da sa\u00fade, um lugar de destaque.<\/p>\n\n\n\n<p>Projetos cont\u00ednuos sujeitos a avalia\u00e7\u00f5es rigorosas s\u00e3o um dos caminhos para perceber se os jovens s\u00e3o capazes de enfrentar os riscos e os desafios que espreitam nos v\u00e1rios cen\u00e1rios por onde se movimentam. Neste quadro, o futuro das interven\u00e7\u00f5es comunit\u00e1rias na \u00e1rea da sa\u00fade dirigidas ao meio escolar dever\u00e3o ter nas evid\u00eancias cient\u00edficas um pilar essencial.<\/p>\n","protected":false},"excerpt":{"rendered":"<p>O consumo de subst\u00e2ncias psicoativas e os comportamentos aditivos no contexto escolar, constituem hoje um s\u00e9rio problema de sa\u00fade p\u00fablica. A comunidade educativa \u00e9 confrontada com enormes desafios no sentido do desenvolvimento de uma resposta \u00fanica, integrada e pragm\u00e1tica para um fen\u00f3meno em constante evolu\u00e7\u00e3o. No que respeita \u00e0 preven\u00e7\u00e3o do consumo de subst\u00e2ncias psicoativas, [&hellip;]<\/p>\n","protected":false},"author":5,"featured_media":0,"parent":0,"menu_order":0,"comment_status":"closed","ping_status":"closed","template":"","meta":{"footnotes":""},"class_list":["post-302","page","type-page","status-publish","hentry"],"_links":{"self":[{"href":"https:\/\/www.alenriscos.uevora.pt\/index.php\/wp-json\/wp\/v2\/pages\/302","targetHints":{"allow":["GET"]}}],"collection":[{"href":"https:\/\/www.alenriscos.uevora.pt\/index.php\/wp-json\/wp\/v2\/pages"}],"about":[{"href":"https:\/\/www.alenriscos.uevora.pt\/index.php\/wp-json\/wp\/v2\/types\/page"}],"author":[{"embeddable":true,"href":"https:\/\/www.alenriscos.uevora.pt\/index.php\/wp-json\/wp\/v2\/users\/5"}],"replies":[{"embeddable":true,"href":"https:\/\/www.alenriscos.uevora.pt\/index.php\/wp-json\/wp\/v2\/comments?post=302"}],"version-history":[{"count":2,"href":"https:\/\/www.alenriscos.uevora.pt\/index.php\/wp-json\/wp\/v2\/pages\/302\/revisions"}],"predecessor-version":[{"id":317,"href":"https:\/\/www.alenriscos.uevora.pt\/index.php\/wp-json\/wp\/v2\/pages\/302\/revisions\/317"}],"wp:attachment":[{"href":"https:\/\/www.alenriscos.uevora.pt\/index.php\/wp-json\/wp\/v2\/media?parent=302"}],"curies":[{"name":"wp","href":"https:\/\/api.w.org\/{rel}","templated":true}]}}