{"id":293,"date":"2023-05-22T14:00:40","date_gmt":"2023-05-22T14:00:40","guid":{"rendered":"https:\/\/www.alenriscos.uevora.pt\/?page_id=293"},"modified":"2023-05-22T16:26:44","modified_gmt":"2023-05-22T16:26:44","slug":"quem-somos","status":"publish","type":"page","link":"https:\/\/www.alenriscos.uevora.pt\/index.php\/quem-somos\/","title":{"rendered":"Quem Somos"},"content":{"rendered":"\n<p>O Observat\u00f3rio de Sa\u00fade Juvenil do Alentejo (OSJA), criado em 2019, \u00e9 constitu\u00eddo por investigadores da Universidade de \u00c9vora\/Escola Superior de Enfermagem S\u00e3o Jo\u00e3o de Deus (ESESJD\/U\u00c9) e por parceiros de diversas institui\u00e7\u00f5es, nomeadamente: Unidade de Interven\u00e7\u00e3o Local em Comportamento Aditivos de \u00c9vora \/ DICAD da ARS Alentejo; Dire\u00e7\u00e3o-Geral dos Estabelecimentos Escolares \u2013 Dire\u00e7\u00e3o de Servi\u00e7os da Regi\u00e3o Alentejo; Departamento de Sa\u00fade P\u00fablica da ARSA.<\/p>\n\n\n\n<p>Integra o projeto \u201cConhecer Global Atuar Local\u201d, projeto de avalia\u00e7\u00e3o diagn\u00f3stica e interven\u00e7\u00e3o no \u00e2mbito dos comportamentos de risco e consumo de subst\u00e2ncias psicoativas.<\/p>\n\n\n\n<p>A avalia\u00e7\u00e3o do perfil do uso de drogas numa dada popula\u00e7\u00e3o permite o desenvolvimento de programas mais realistas e ainda, quando a pesquisa \u00e9 realizada sistematicamente, passa a representar um indicador fundamental para a avalia\u00e7\u00e3o dos resultados de interven\u00e7\u00f5es eventualmente implementadas num dado per\u00edodo de tempo.<\/p>\n\n\n\n<p>Neste quadro, torna-se pertinente e oportuno a concretiza\u00e7\u00e3o deste estudo e o envolvimento de toda a comunidade escolar assim como parceiros estrat\u00e9gicos com atua\u00e7\u00e3o na \u00e1rea da sa\u00fade, educa\u00e7\u00e3o, investiga\u00e7\u00e3o e interven\u00e7\u00e3o social.<\/p>\n","protected":false},"excerpt":{"rendered":"<p>O Observat\u00f3rio de Sa\u00fade Juvenil do Alentejo (OSJA), criado em 2019, \u00e9 constitu\u00eddo por investigadores da Universidade de \u00c9vora\/Escola Superior de Enfermagem S\u00e3o Jo\u00e3o de Deus (ESESJD\/U\u00c9) e por parceiros de diversas institui\u00e7\u00f5es, nomeadamente: Unidade de Interven\u00e7\u00e3o Local em Comportamento Aditivos de \u00c9vora \/ DICAD da ARS Alentejo; Dire\u00e7\u00e3o-Geral dos Estabelecimentos Escolares \u2013 Dire\u00e7\u00e3o de [&hellip;]<\/p>\n","protected":false},"author":5,"featured_media":413,"parent":0,"menu_order":0,"comment_status":"closed","ping_status":"closed","template":"","meta":{"footnotes":""},"class_list":["post-293","page","type-page","status-publish","has-post-thumbnail","hentry"],"_links":{"self":[{"href":"https:\/\/www.alenriscos.uevora.pt\/index.php\/wp-json\/wp\/v2\/pages\/293","targetHints":{"allow":["GET"]}}],"collection":[{"href":"https:\/\/www.alenriscos.uevora.pt\/index.php\/wp-json\/wp\/v2\/pages"}],"about":[{"href":"https:\/\/www.alenriscos.uevora.pt\/index.php\/wp-json\/wp\/v2\/types\/page"}],"author":[{"embeddable":true,"href":"https:\/\/www.alenriscos.uevora.pt\/index.php\/wp-json\/wp\/v2\/users\/5"}],"replies":[{"embeddable":true,"href":"https:\/\/www.alenriscos.uevora.pt\/index.php\/wp-json\/wp\/v2\/comments?post=293"}],"version-history":[{"count":1,"href":"https:\/\/www.alenriscos.uevora.pt\/index.php\/wp-json\/wp\/v2\/pages\/293\/revisions"}],"predecessor-version":[{"id":296,"href":"https:\/\/www.alenriscos.uevora.pt\/index.php\/wp-json\/wp\/v2\/pages\/293\/revisions\/296"}],"wp:featuredmedia":[{"embeddable":true,"href":"https:\/\/www.alenriscos.uevora.pt\/index.php\/wp-json\/wp\/v2\/media\/413"}],"wp:attachment":[{"href":"https:\/\/www.alenriscos.uevora.pt\/index.php\/wp-json\/wp\/v2\/media?parent=293"}],"curies":[{"name":"wp","href":"https:\/\/api.w.org\/{rel}","templated":true}]}}