{"id":164,"date":"2023-05-17T10:09:23","date_gmt":"2023-05-17T10:09:23","guid":{"rendered":"https:\/\/www.alenriscos.uevora.pt\/?page_id=164"},"modified":"2023-05-22T16:56:13","modified_gmt":"2023-05-22T16:56:13","slug":"relatorios-2","status":"publish","type":"page","link":"https:\/\/www.alenriscos.uevora.pt\/index.php\/relatorios-2\/","title":{"rendered":"Relat\u00f3rios"},"content":{"rendered":"\n<p><a href=\"https:\/\/app.powerbi.com\/view?r=eyJrIjoiYTcwMGE0NzAtMTllZS00ZWZlLTljNmItMGU0NzZiNmFjZWU3IiwidCI6IjRiOTE3YjFlLWVkMzktNDZlOC05NjkxLTdiY2JiOTFmNWMxYiIsImMiOjh9&amp;pageName=ReportSectioned3299dd90166dc841e6\">Carateriza\u00e7\u00e3o da Amostra<\/a><\/p>\n\n\n\n<p><a href=\"https:\/\/app.powerbi.com\/view?r=eyJrIjoiZGRmNDBiMTMtYTIyOC00NDIyLThmYmItN2RhZGNiZDUyMzQyIiwidCI6IjRiOTE3YjFlLWVkMzktNDZlOC05NjkxLTdiY2JiOTFmNWMxYiIsImMiOjh9&amp;pageName=ReportSection3e31f7fd09e50e011c5c\">Situa\u00e7\u00e3o Familiar<\/a><\/p>\n\n\n\n<p><a href=\"https:\/\/app.powerbi.com\/view?r=eyJrIjoiYWExN2UwMTYtNTRjMi00YTA5LWI3NGMtN2NhMmE0ODI2OTg3IiwidCI6IjRiOTE3YjFlLWVkMzktNDZlOC05NjkxLTdiY2JiOTFmNWMxYiIsImMiOjh9&amp;pageName=ReportSectionced84ea09c44d400e348\">Consumos total<\/a><\/p>\n\n\n\n<p>                 <a href=\"https:\/\/app.powerbi.com\/view?r=eyJrIjoiODIzNzVjNmYtMWEwNC00Mjg3LTg4ODAtZWY1M2E4MzQzODBlIiwidCI6IjRiOTE3YjFlLWVkMzktNDZlOC05NjkxLTdiY2JiOTFmNWMxYiIsImMiOjh9&amp;pageName=ReportSectionc4a1c8cc12e64dcc254c\">Tabaco<\/a><\/p>\n\n\n\n<p>                 <a href=\"https:\/\/app.powerbi.com\/view?r=eyJrIjoiYjg0YjA4MTAtYThkNC00MTMyLTg2NjQtOWJjOTdjZTdmMTYwIiwidCI6IjRiOTE3YjFlLWVkMzktNDZlOC05NjkxLTdiY2JiOTFmNWMxYiIsImMiOjh9&amp;pageName=ReportSection77dc7cfeba709156d56a\">Alcool<\/a><\/p>\n\n\n\n<p>                 <a href=\"https:\/\/app.powerbi.com\/view?r=eyJrIjoiNDdlNjRmYzQtZTRkMS00NzM3LTg2YTgtNTA1OTMxN2M0YzIwIiwidCI6IjRiOTE3YjFlLWVkMzktNDZlOC05NjkxLTdiY2JiOTFmNWMxYiIsImMiOjh9&amp;pageName=ReportSection443dc141c90b8a01b6cd\">Drogas<\/a><\/p>\n\n\n\n<p><a href=\"https:\/\/app.powerbi.com\/view?r=eyJrIjoiM2E0YmE3NmYtYWFjNi00ZTdiLWJiNGYtNDM1ZDJiMGM0YjZjIiwidCI6IjRiOTE3YjFlLWVkMzktNDZlOC05NjkxLTdiY2JiOTFmNWMxYiIsImMiOjh9&amp;pageName=ReportSection6dd331e9c81c745283d2\">Atividades Socias de lazer<\/a> <\/p>\n\n\n\n<p><a href=\"https:\/\/app.powerbi.com\/view?r=eyJrIjoiYTBlMDdkOTItMWYwOC00ZjNmLWI0ZDQtMWUxOTZjNmEwYTcyIiwidCI6IjRiOTE3YjFlLWVkMzktNDZlOC05NjkxLTdiY2JiOTFmNWMxYiIsImMiOjh9&amp;pageName=ReportSection77fffa800220d1506bb5\">Comportamentos Puniveis<\/a><\/p>\n","protected":false},"excerpt":{"rendered":"<p>Carateriza\u00e7\u00e3o da Amostra Situa\u00e7\u00e3o Familiar Consumos total Tabaco Alcool Drogas Atividades Socias de lazer Comportamentos Puniveis<\/p>\n","protected":false},"author":5,"featured_media":431,"parent":0,"menu_order":0,"comment_status":"closed","ping_status":"closed","template":"","meta":{"footnotes":""},"class_list":["post-164","page","type-page","status-publish","has-post-thumbnail","hentry"],"_links":{"self":[{"href":"https:\/\/www.alenriscos.uevora.pt\/index.php\/wp-json\/wp\/v2\/pages\/164","targetHints":{"allow":["GET"]}}],"collection":[{"href":"https:\/\/www.alenriscos.uevora.pt\/index.php\/wp-json\/wp\/v2\/pages"}],"about":[{"href":"https:\/\/www.alenriscos.uevora.pt\/index.php\/wp-json\/wp\/v2\/types\/page"}],"author":[{"embeddable":true,"href":"https:\/\/www.alenriscos.uevora.pt\/index.php\/wp-json\/wp\/v2\/users\/5"}],"replies":[{"embeddable":true,"href":"https:\/\/www.alenriscos.uevora.pt\/index.php\/wp-json\/wp\/v2\/comments?post=164"}],"version-history":[{"count":9,"href":"https:\/\/www.alenriscos.uevora.pt\/index.php\/wp-json\/wp\/v2\/pages\/164\/revisions"}],"predecessor-version":[{"id":443,"href":"https:\/\/www.alenriscos.uevora.pt\/index.php\/wp-json\/wp\/v2\/pages\/164\/revisions\/443"}],"wp:featuredmedia":[{"embeddable":true,"href":"https:\/\/www.alenriscos.uevora.pt\/index.php\/wp-json\/wp\/v2\/media\/431"}],"wp:attachment":[{"href":"https:\/\/www.alenriscos.uevora.pt\/index.php\/wp-json\/wp\/v2\/media?parent=164"}],"curies":[{"name":"wp","href":"https:\/\/api.w.org\/{rel}","templated":true}]}}